{"id":44,"date":"2024-01-04T18:03:20","date_gmt":"2024-01-04T18:03:20","guid":{"rendered":"https:\/\/wordpress.validthemes.net\/agrica\/?page_id=44"},"modified":"2025-01-15T11:33:12","modified_gmt":"2025-01-15T11:33:12","slug":"anasayfa","status":"publish","type":"page","link":"https:\/\/alkekompost.com\/","title":{"rendered":"Anasayfa"},"content":{"rendered":"\t\t<div data-elementor-type=\"wp-page\" data-elementor-id=\"44\" class=\"elementor elementor-44\">\n\t\t\t\t<div class=\"elementor-element elementor-element-24ffb9f e-con-full e-flex e-con e-parent\" data-id=\"24ffb9f\" data-element_type=\"container\">\n\t\t<div class=\"elementor-element elementor-element-62f9407 e-con-full e-flex e-con e-child\" data-id=\"62f9407\" data-element_type=\"container\" data-settings=\"{&quot;background_background&quot;:&quot;video&quot;,&quot;background_video_link&quot;:&quot;https:\\\/\\\/alkekompost.com\\\/wp-content\\\/uploads\\\/2025\\\/01\\\/videbg.mp4&quot;,&quot;background_play_on_mobile&quot;:&quot;yes&quot;}\">\n\t\t<div class=\"elementor-background-video-container\">\n\t\t\t\t\t\t\t<video class=\"elementor-background-video-hosted elementor-html5-video\" autoplay muted playsinline loop><\/video>\n\t\t\t\t\t<\/div>\t\t<\/div>\n\t\t\t\t<div class=\"elementor-element elementor-element-2c3e7af elementor-hidden-desktop elementor-hidden-tablet elementor-hidden-mobile elementor-widget elementor-widget-agricabanner\" data-id=\"2c3e7af\" data-element_type=\"widget\" data-widget_type=\"agricabanner.default\">\n\t\t\t\t<div class=\"elementor-widget-container\">\n\t\t\t\t\t<div class=\"banner-area navigation-circle text-light banner-style-one zoom-effect overflow-hidden\"><!-- Slider main container --><div class=\"banner-fade\"><!-- Additional required wrapper --><div class=\"swiper-wrapper\"><!-- Single Item --><div class=\"swiper-slide banner-style-one\"><div class=\"banner-thumb bg-cover shadow dark\" style=\"background: url(https:\/\/alkekompost.com\/wp-content\/uploads\/2024\/12\/kokok.png);\"><\/div><div class=\"container\"><div class=\"row align-center\"><div class=\"col-xl-9\"><div class=\"content\"><div class=\"badge\"><div class=\"curve-text\"><svg xmlns=\"http:\/\/www.w3.org\/2000\/svg\" viewBox=\"0 0 150 150\" version=\"1.1\"><path id=\"textPath\" d=\"M 0,75 a 75,75 0 1,1 0,1 z\"><\/path><text><textPath href=\"#textPath\">% 100 Do\u011fal \u00dcretim<\/textPath><\/text><\/svg><a href=\"\" class=\"popup-youtube\"><i class=\"fas fa-arrow-right\"><\/i><\/a><\/div><\/div><div class=\"info\"><h2 class=\"vt-title\">Alke Kompost<\/h2><\/div><\/div><\/div><\/div><\/div><\/div><!-- End Single Item --><!-- Single Item --><div class=\"swiper-slide banner-style-one\"><div class=\"banner-thumb bg-cover shadow dark\" style=\"background: url(https:\/\/alkekompost.com\/wp-content\/uploads\/2024\/12\/kokok2.png);\"><\/div><div class=\"container\"><div class=\"row align-center\"><div class=\"col-xl-9\"><div class=\"content\"><div class=\"badge\"><\/div><div class=\"info\"><\/div><\/div><\/div><\/div><\/div><\/div><!-- End Single Item --><\/div><!-- Navigation --><div class=\"swiper-button-prev\"><\/div><div class=\"swiper-button-next\"><\/div><\/div>        <\/div>\t\t\t\t<\/div>\n\t\t\t\t<\/div>\n\t\t\t\t<\/div>\n\t\t<div class=\"elementor-element elementor-element-f7a43e8 e-con-full e-flex e-con e-parent\" data-id=\"f7a43e8\" data-element_type=\"container\">\n\t\t\t\t<div class=\"elementor-element elementor-element-ba5084b elementor-widget elementor-widget-agricaaboutus\" data-id=\"ba5084b\" data-element_type=\"widget\" data-widget_type=\"agricaaboutus.default\">\n\t\t\t\t<div class=\"elementor-widget-container\">\n\t\t\t\t\t<div class=\"about-style-one-area default-padding overflow-hidden\"><div class=\"container\"><div class=\"row align-center\"><div class=\"col-xl-6 col-lg-5\"><div class=\"about-style-one-thumb\"><img decoding=\"async\" src=\"https:\/\/alkekompost.com\/wp-content\/uploads\/2024\/12\/kokok2-615-x-850-piksel.png\" alt=\"ALKE%20KOMPOST\"  \/><div class=\"animation-shape\"><img decoding=\"async\" src=\"https:\/\/alkekompost.com\/wp-content\/uploads\/2024\/12\/kokok2-615-x-850-piksel-1.png\" alt=\"ALKE%20KOMPOST\"  \/><\/div><\/div><\/div><div class=\"col-xl-5 offset-xl-1 col-lg-6 offset-lg-1\"><div class=\"about-style-one-info\"><h2 class=\"vt-title title\">Alke Kompost <br> K\u00fclt\u00fcr Mantar \u00dcretimi<\/h2><p class=\"vt-desc\">Hassas \u00fcretim s\u00fcre\u00e7leri ile kaliteden \u00f6d\u00fcn vermeden, alan\u0131nda uzman ve deneyimli kadro ile \u00fcretim s\u00fcre\u00e7lerini s\u00fcrd\u00fcren Alke Kompost, ayl\u0131k 1200 Ton \u00fcretim kapasitesi ile faaliyet g\u00f6stermeye devam ediyor.<\/p><div class=\"fun-fact-style-flex mt-35\"><div class=\"counter\"><div class=\"timer\" data-to=\"2016\" data-speed=\"2000\">2016<\/div><\/div><span class=\"medium\">Y\u0131l\u0131ndan Beri...<\/span><\/div><ul class=\"top-feature\"><li><div class=\"icon\"><img decoding=\"async\" src=\"https:\/\/alkekompost.com\/wp-content\/uploads\/2024\/01\/quote.png\" alt=\"ALKE%20KOMPOST\"  \/><\/div><div class=\"info\"><h4 class=\"vt-f-title\">Hijyenik Ko\u015fullar<\/h4><p class=\"vt-f-text\">Hassas \u00fcretim s\u00fcre\u00e7leri ile kaliteden \u00f6d\u00fcn vermiyoruz.\n\n<\/p><\/div><\/li><li><div class=\"icon\"><img decoding=\"async\" src=\"https:\/\/alkekompost.com\/wp-content\/uploads\/2024\/01\/quote.png\" alt=\"ALKE%20KOMPOST\"  \/><\/div><div class=\"info\"><h4 class=\"vt-f-title\">Deneyimli Ekip\n<\/h4><p class=\"vt-f-text\">Alan\u0131nda uzman ve deneyimli kadro ile \u00e7al\u0131\u015f\u0131yoruz.\n\n<\/p><\/div><\/li><\/ul><\/div><\/div><\/div><\/div><\/div>\t\t\t\t<\/div>\n\t\t\t\t<\/div>\n\t\t\t\t<\/div>\n\t\t<div class=\"elementor-element elementor-element-7463157 e-con-full e-flex e-con e-parent\" data-id=\"7463157\" data-element_type=\"container\">\n\t\t\t\t<div class=\"elementor-element elementor-element-88d26d4 elementor-widget elementor-widget-agricaservices\" data-id=\"88d26d4\" data-element_type=\"widget\" data-widget_type=\"agricaservices.default\">\n\t\t\t\t<div class=\"elementor-widget-container\">\n\t\t\t\t\t<div class=\"services-style-one-area\"><div class=\"shape-right-top\" style=\"background-image: url(https:\/\/wordpress.validthemes.net\/agrica\/wp-content\/uploads\/2024\/01\/9-1.png);\"><\/div><div class=\"container\"><div class=\"row\"><div class=\"col-lg-6 offset-lg-3\"><div class=\"site-heading text-center\"><h5 class=\"sub-title\">Alke Kompost<\/h5><h2 class=\"title\">\u00dcr\u00fcn Portf\u00f6y\u00fcm\u00fcz<\/h2><\/div><\/div><\/div><div class=\"row\"><!-- Single Item --><div class=\"col-lg-4 col-md-6 service-one-single\"><div class=\"service-style-one-item\"><div class=\"thumb\"><img decoding=\"async\" src=\"https:\/\/alkekompost.com\/wp-content\/uploads\/2024\/12\/2m.png\" alt=\"ALKE%20KOMPOST\"  \/><\/div><div class=\"info\"><div class=\"top\"><h4 class=\"vt-f-title\"><a href=\"\">Beyaz \u015eapkal\u0131<span>Mantar<\/span><\/a><\/h4><\/div><p class=\"vt-f-text\">\u015eapka k\u0131sm\u0131 tamamen beyazd\u0131r, yuvarlak ve p\u00fcr\u00fczs\u00fcz bir y\u00fczeye sahiptir. \u0130\u00e7erisinde B vitaminleri, D vitamini, selenyum, fosfor ve potasyum gibi \u00f6nemli besin maddeleri bulunur.<\/p><\/div><a href=\"\" class=\"btn-angle\"><i class=\"fas fa-arrow-right\"><\/i><\/a><\/div><\/div><!-- End Single Item --><!-- Single Item --><div class=\"col-lg-4 col-md-6 service-one-single\"><div class=\"service-style-one-item\"><div class=\"thumb\"><img decoding=\"async\" src=\"https:\/\/alkekompost.com\/wp-content\/uploads\/2024\/12\/3m.png\" alt=\"ALKE%20KOMPOST\"  \/><\/div><div class=\"info\"><div class=\"top\"><h4 class=\"vt-f-title\"><a href=\"\">Kestane<span>Mantar\u0131<\/span><\/a><\/h4><\/div><p class=\"vt-f-text\">Kahverengi tonlar\u0131nda, hafif p\u00fcr\u00fczl\u00fc veya ipeksi bir \u015fapkaya sahiptir. Aromal\u0131 ve yo\u011fun bir dokusu vard\u0131r. Protein ve B vitamini bak\u0131m\u0131ndan zengin i\u00e7eri\u011fe sahiptir.<\/p><\/div><a href=\"\" class=\"btn-angle\"><i class=\"fas fa-arrow-right\"><\/i><\/a><\/div><\/div><!-- End Single Item --><\/div><\/div><\/div>\t\t\t\t<\/div>\n\t\t\t\t<\/div>\n\t\t\t\t<\/div>\n\t\t<div class=\"elementor-element elementor-element-1dd0f1e e-con-full e-flex e-con e-parent\" data-id=\"1dd0f1e\" data-element_type=\"container\">\n\t\t\t\t<div class=\"elementor-element elementor-element-5fe8e21 elementor-widget elementor-widget-agricavideoarea\" data-id=\"5fe8e21\" data-element_type=\"widget\" data-widget_type=\"agricavideoarea.default\">\n\t\t\t\t<div class=\"elementor-widget-container\">\n\t\t\t\t\t<div class=\"benifits-area default-padding-top video-bg-live bg-cover mt--50 mt-md-0 mt-xs-0\" style=\"background-image: url(https:\/\/wordpress.validthemes.net\/agrica\/wp-content\/uploads\/2024\/01\/16.jpg);\">\t\t        <div class=\"player\" data-property=\"{videoURL:'https:\/\/www.youtube.com\/watch?v=w9eRIGTHKJM',containment:'.video-bg-live', showControls:false, autoPlay:true, zoom:0, loop:true, mute:true, startAt:13, opacity:1, quality:'default'}\"><\/div><div class=\"shape-top-center\" style=\"background-image: url(https:\/\/wordpress.validthemes.net\/agrica\/wp-content\/uploads\/2024\/01\/10.png);\"><\/div><div class=\"container\"><div class=\"row\"><div class=\"col-xl-6 col-lg-7\"><div class=\"benifit-items text-light\"><div class=\"shape\"><img decoding=\"async\" src=\"https:\/\/alkekompost.com\/wp-content\/uploads\/2024\/12\/kokok2-615-x-850-piksel-1.png\" alt=\"ALKE%20KOMPOST\"  \/><\/div><h2 class=\"vt-title title\">Alke Kompost Olarak;<\/h2><p class=\"vt-desc\">ALKE Kompost olarak, sekt\u00f6re sadece \u00fcr\u00fcn sunmakla kalm\u0131yor, ayn\u0131 zamanda s\u00fcrd\u00fcr\u00fclebilir tar\u0131m\u0131 destekleyerek \u00e7evreye duyarl\u0131 \u00e7\u00f6z\u00fcmler geli\u015ftiriyoruz. \u00dcretim s\u00fcre\u00e7lerimizde do\u011faya olan sorumlulu\u011fumuzun bilinciyle hareket ediyor ve y\u00fcksek verimli kompostlar\u0131m\u0131zla mantar yeti\u015ftiricilerinin verimlili\u011fini art\u0131rmay\u0131 hedefliyoruz.<\/p><ul class=\"list-standard\"><li>\u0130yi Tar\u0131m Uygulamalar\u0131<\/li><li>S\u00fcrd\u00fcr\u00fclebilir Tar\u0131m<\/li><\/ul><\/div><\/div><\/div><\/div><\/div>\t\t\t\t<\/div>\n\t\t\t\t<\/div>\n\t\t\t\t<\/div>\n\t\t<div class=\"elementor-element elementor-element-a621d55 e-con-full e-flex e-con e-parent\" data-id=\"a621d55\" data-element_type=\"container\">\n\t\t\t\t<div class=\"elementor-element elementor-element-c4ddad6 elementor-widget elementor-widget-agricagalleryes\" data-id=\"c4ddad6\" data-element_type=\"widget\" data-widget_type=\"agricagalleryes.default\">\n\t\t\t\t<div class=\"elementor-widget-container\">\n\t\t\t\t\t<div class=\"gallery-style-one-area\"><div class=\"container\"><div class=\"row\"><div class=\"col-lg-6 offset-lg-3\"><div class=\"site-heading text-center\"><h5 class=\"sub-title\">Alke Kompost<\/h5><h2 class=\"title\">\u00dcretim Tesisi<\/h2><\/div><\/div><\/div><\/div><div class=\"container-fill\"><div class=\"row\"><div class=\"gallery-style-one-carousel swiper\"><!-- Additional required wrapper --><div class=\"swiper-wrapper\"><!-- Single Item --><div class=\"swiper-slide\"><div class=\"gallery-style-one\"><img decoding=\"async\" src=\"https:\/\/alkekompost.com\/wp-content\/uploads\/2024\/12\/kokok.png\" alt=\"ALKE%20KOMPOST\"  \/><div class=\"overlay\"><\/div><\/div><\/div><!-- End Single Item --><!-- Single Item --><div class=\"swiper-slide\"><div class=\"gallery-style-one\"><img decoding=\"async\" src=\"https:\/\/alkekompost.com\/wp-content\/uploads\/2024\/12\/kokok2.png\" alt=\"ALKE%20KOMPOST\"  \/><div class=\"overlay\"><\/div><\/div><\/div><!-- End Single Item --><!-- Single Item --><div class=\"swiper-slide\"><div class=\"gallery-style-one\"><img decoding=\"async\" src=\"https:\/\/alkekompost.com\/wp-content\/uploads\/2024\/12\/Adsiz-tasarim-1.png\" alt=\"ALKE%20KOMPOST\"  \/><div class=\"overlay\"><\/div><\/div><\/div><!-- End Single Item --><!-- Single Item --><div class=\"swiper-slide\"><div class=\"gallery-style-one\"><img decoding=\"async\" src=\"https:\/\/alkekompost.com\/wp-content\/uploads\/2024\/12\/Adsiz-tasarim-2.png\" alt=\"ALKE%20KOMPOST\"  \/><div class=\"overlay\"><\/div><\/div><\/div><!-- End Single Item --><!-- Single Item --><div class=\"swiper-slide\"><div class=\"gallery-style-one\"><img decoding=\"async\" src=\"https:\/\/alkekompost.com\/wp-content\/uploads\/2024\/12\/462116076_3862513260650845_7433953176395234438_n.jpg\" alt=\"ALKE%20KOMPOST\"  \/><div class=\"overlay\"><\/div><\/div><\/div><!-- End Single Item --><\/div><!-- Pagination --><div class=\"swiper-pagination\"><\/div><\/div><\/div><\/div><\/div>\t\t\t\t<\/div>\n\t\t\t\t<\/div>\n\t\t\t\t<\/div>\n\t\t\t\t<\/div>\n\t\t","protected":false},"excerpt":{"rendered":"<p>% 100 Do\u011fal \u00dcretim Alke Kompost Alke Kompost K\u00fclt\u00fcr Mantar \u00dcretimi Hassas \u00fcretim s\u00fcre\u00e7leri ile kaliteden \u00f6d\u00fcn vermeden, alan\u0131nda uzman ve deneyimli kadro ile \u00fcretim s\u00fcre\u00e7lerini s\u00fcrd\u00fcren Alke Kompost, ayl\u0131k 1200 Ton \u00fcretim kapasitesi ile faaliyet g\u00f6stermeye devam ediyor. 2016Y\u0131l\u0131ndan Beri&#8230; Hijyenik Ko\u015fullar Hassas \u00fcretim s\u00fcre\u00e7leri ile kaliteden \u00f6d\u00fcn vermiyoruz. Deneyimli Ekip Alan\u0131nda uzman ve&#8230;<\/p>\n","protected":false},"author":1,"featured_media":0,"parent":0,"menu_order":0,"comment_status":"closed","ping_status":"closed","template":"template-builder.php","meta":{"footnotes":""},"class_list":["post-44","page","type-page","status-publish","hentry"],"_links":{"self":[{"href":"https:\/\/alkekompost.com\/index.php\/wp-json\/wp\/v2\/pages\/44","targetHints":{"allow":["GET"]}}],"collection":[{"href":"https:\/\/alkekompost.com\/index.php\/wp-json\/wp\/v2\/pages"}],"about":[{"href":"https:\/\/alkekompost.com\/index.php\/wp-json\/wp\/v2\/types\/page"}],"author":[{"embeddable":true,"href":"https:\/\/alkekompost.com\/index.php\/wp-json\/wp\/v2\/users\/1"}],"replies":[{"embeddable":true,"href":"https:\/\/alkekompost.com\/index.php\/wp-json\/wp\/v2\/comments?post=44"}],"version-history":[{"count":59,"href":"https:\/\/alkekompost.com\/index.php\/wp-json\/wp\/v2\/pages\/44\/revisions"}],"predecessor-version":[{"id":3156,"href":"https:\/\/alkekompost.com\/index.php\/wp-json\/wp\/v2\/pages\/44\/revisions\/3156"}],"wp:attachment":[{"href":"https:\/\/alkekompost.com\/index.php\/wp-json\/wp\/v2\/media?parent=44"}],"curies":[{"name":"wp","href":"https:\/\/api.w.org\/{rel}","templated":true}]}}