{"id":2659,"date":"2024-01-06T17:27:51","date_gmt":"2024-01-06T17:27:51","guid":{"rendered":"https:\/\/wordpress.validthemes.net\/agrica\/?page_id=2659"},"modified":"2024-12-26T08:09:48","modified_gmt":"2024-12-26T08:09:48","slug":"hakkimizda","status":"publish","type":"page","link":"https:\/\/alkekompost.com\/index.php\/hakkimizda\/","title":{"rendered":"Hakk\u0131m\u0131zda"},"content":{"rendered":"\t\t<div data-elementor-type=\"wp-page\" data-elementor-id=\"2659\" class=\"elementor elementor-2659\">\n\t\t\t\t<div class=\"elementor-element elementor-element-1b23040 e-con-full e-flex e-con e-parent\" data-id=\"1b23040\" data-element_type=\"container\">\n\t\t\t\t<div class=\"elementor-element elementor-element-52ef5b9 elementor-widget elementor-widget-agricaaboutus\" data-id=\"52ef5b9\" data-element_type=\"widget\" data-widget_type=\"agricaaboutus.default\">\n\t\t\t\t<div class=\"elementor-widget-container\">\n\t\t\t\t\t<div class=\"about-style-one-area default-padding overflow-hidden\"><div class=\"container\"><div class=\"row align-center\"><div class=\"col-xl-6 col-lg-5\"><div class=\"about-style-one-thumb\"><img decoding=\"async\" src=\"https:\/\/alkekompost.com\/wp-content\/uploads\/2024\/12\/kokok2-615-x-850-piksel.png\" alt=\"ALKE%20KOMPOST\"  \/><\/div><\/div><div class=\"col-xl-5 offset-xl-1 col-lg-6 offset-lg-1\"><div class=\"about-style-one-info\"><h2 class=\"vt-title title\">Alke Kompost;<\/h2><p class=\"vt-desc\">ALKE Kompost, 2016 y\u0131l\u0131nda sekt\u00f6re ad\u0131m atm\u0131\u015f ve k\u00fclt\u00fcr mantar\u0131 kompost \u00fcretiminde uzmanla\u015fm\u0131\u015f bir firmad\u0131r. Kalite, inovasyon ve s\u00fcrd\u00fcr\u00fclebilirlik anlay\u0131\u015f\u0131n\u0131 benimseyerek, modern altyap\u0131m\u0131z ve y\u00fcksek kapasiteli \u00fcretimimizle sekt\u00f6rde \u00f6nc\u00fc bir konumda yer almaktay\u0131z.\n\n\nTesisimiz, en son teknolojiyle donat\u0131lm\u0131\u015f 3 aerated floor, 5 bunker ve 4 t\u00fcnel \u00fcnitesinden olu\u015fmakta olup, ayl\u0131k 1200 ton \u00fcretim kapasitesine sahiptir. Bu kapasite, m\u00fc\u015fterilerimize kesintisiz hizmet sunmam\u0131za olanak tan\u0131rken, y\u00fcksek kaliteli kompost \u00fcretimimizi de garanti alt\u0131na almaktad\u0131r.\n\n\nALKE Kompost olarak, sekt\u00f6re sadece \u00fcr\u00fcn sunmakla kalm\u0131yor, ayn\u0131 zamanda s\u00fcrd\u00fcr\u00fclebilir tar\u0131m\u0131 destekleyerek \u00e7evreye duyarl\u0131 \u00e7\u00f6z\u00fcmler geli\u015ftiriyoruz. \u00dcretim s\u00fcre\u00e7lerimizde do\u011faya olan sorumlulu\u011fumuzun bilinciyle hareket ediyor ve y\u00fcksek verimli kompostlar\u0131m\u0131zla mantar yeti\u015ftiricilerinin verimlili\u011fini art\u0131rmay\u0131 hedefliyoruz.\n\nM\u00fc\u015fteri memnuniyetini temel ilkemiz olarak kabul ederek, i\u015f ortaklar\u0131m\u0131z\u0131n ihtiya\u00e7lar\u0131na uygun esnek ve yenilik\u00e7i \u00e7\u00f6z\u00fcmler sunuyoruz. Gelecekte de ayn\u0131 kararl\u0131l\u0131kla sekt\u00f6re de\u011fer katmaya, kalite standartlar\u0131m\u0131z\u0131 koruyarak b\u00fcy\u00fcmeye ve m\u00fc\u015fteri g\u00fcvenini kazanmaya devam edece\u011fiz.<\/p><div class=\"fun-fact-style-flex mt-35\"><div class=\"counter\"><\/div><\/div><ul class=\"top-feature\"><li><div class=\"info\"><\/div><\/li><\/ul><\/div><\/div><\/div><\/div><\/div>\t\t\t\t<\/div>\n\t\t\t\t<\/div>\n\t\t\t\t<\/div>\n\t\t\t\t<\/div>\n\t\t","protected":false},"excerpt":{"rendered":"<p>Alke Kompost; ALKE Kompost, 2016 y\u0131l\u0131nda sekt\u00f6re ad\u0131m atm\u0131\u015f ve k\u00fclt\u00fcr mantar\u0131 kompost \u00fcretiminde uzmanla\u015fm\u0131\u015f bir firmad\u0131r. Kalite, inovasyon ve s\u00fcrd\u00fcr\u00fclebilirlik anlay\u0131\u015f\u0131n\u0131 benimseyerek, modern altyap\u0131m\u0131z ve y\u00fcksek kapasiteli \u00fcretimimizle sekt\u00f6rde \u00f6nc\u00fc bir konumda yer almaktay\u0131z. Tesisimiz, en son teknolojiyle donat\u0131lm\u0131\u015f 3 aerated floor, 5 bunker ve 4 t\u00fcnel \u00fcnitesinden olu\u015fmakta olup, ayl\u0131k 1200 ton \u00fcretim&#8230;<\/p>\n","protected":false},"author":1,"featured_media":0,"parent":0,"menu_order":0,"comment_status":"closed","ping_status":"closed","template":"template-builder.php","meta":{"footnotes":""},"class_list":["post-2659","page","type-page","status-publish","hentry"],"_links":{"self":[{"href":"https:\/\/alkekompost.com\/index.php\/wp-json\/wp\/v2\/pages\/2659","targetHints":{"allow":["GET"]}}],"collection":[{"href":"https:\/\/alkekompost.com\/index.php\/wp-json\/wp\/v2\/pages"}],"about":[{"href":"https:\/\/alkekompost.com\/index.php\/wp-json\/wp\/v2\/types\/page"}],"author":[{"embeddable":true,"href":"https:\/\/alkekompost.com\/index.php\/wp-json\/wp\/v2\/users\/1"}],"replies":[{"embeddable":true,"href":"https:\/\/alkekompost.com\/index.php\/wp-json\/wp\/v2\/comments?post=2659"}],"version-history":[{"count":9,"href":"https:\/\/alkekompost.com\/index.php\/wp-json\/wp\/v2\/pages\/2659\/revisions"}],"predecessor-version":[{"id":3101,"href":"https:\/\/alkekompost.com\/index.php\/wp-json\/wp\/v2\/pages\/2659\/revisions\/3101"}],"wp:attachment":[{"href":"https:\/\/alkekompost.com\/index.php\/wp-json\/wp\/v2\/media?parent=2659"}],"curies":[{"name":"wp","href":"https:\/\/api.w.org\/{rel}","templated":true}]}}